{"id":15752,"date":"2011-06-24T01:04:47","date_gmt":"2011-06-23T23:04:47","guid":{"rendered":"http:\/\/coaster.de.\/cms\/?page_id=15752"},"modified":"2024-07-07T18:06:10","modified_gmt":"2024-07-07T16:06:10","slug":"wasistdas","status":"publish","type":"page","link":"https:\/\/www.pod.coaster.de\/cms\/wasistdas\/","title":{"rendered":"Was ist Podcoaster?"},"content":{"rendered":"\n<p>Hier haben wir f\u00fcr Dich einige der wichtigsten Fragen rund um dieses Angebot zusammen getragen:<\/p>\n<p><strong><img loading=\"lazy\" decoding=\"async\" class=\"alignright\" style=\"margin: 2px; border: 0px none #000000;\" title=\"questionmark_48\" src=\"https:\/\/www.coaster.de\/cms\/wp-content\/uploads\/2010\/05\/questionmark_48.png\" alt=\"\" width=\"35\" height=\"35\"> Was ist pod.coaster.de?<\/strong><\/p>\n<p>Der <strong>Podcoaster<\/strong> liefert Gespr\u00e4che, die tiefer gehen, als normale Interviews. Hier gibt es Infos aus dem Attraktionsgesch\u00e4ft und Blicke hinter die Kulissen, f\u00fcr die anderswo keine Zeit bleibt. Daf\u00fcr unterhalten sich Sebastian Gr\u00fcnwald und Hans Pieper mit den Machern hinter den Attraktionen. Egal ob Freizeitpark, Museum, interaktive Installation, Darkride, Achterbahn oder Wasserpark: Der Podcast gibt Einblicke f\u00fcr Fans und Branchenvertreter gleicherma\u00dfen und zeigt, wie aus R\u00e4umen Spa\u00df geschaffen wird.<\/p>\n<p>Der Podcast hat eine Reichweite von \u00fcber 6.000 H\u00f6rern (Stand: April 2024) und wird \u00fcber diverse Plattformen wie iTunes, Spotify, Youtube Music und nat\u00fcrlich auf dieser Webseite ausgespielt. Im Podcast bereits zu Gast waren zum Beispiel der Gesch\u00e4ftsf\u00fchrende Gesellschafter des Europa-Park, Michael Mack, der Gesch\u00e4ftsf\u00fchrer des Hansa Parks, Christoph Andreas Leicht und der Sales Manger von Vekoma, Stefan Holtman.<\/p>\n<p><\/p>\n<p><strong><img loading=\"lazy\" decoding=\"async\" class=\"alignright\" style=\"margin: 2px; border: 0px none #000000;\" title=\"questionmark_48\" src=\"https:\/\/www.coaster.de\/cms\/wp-content\/uploads\/2010\/05\/questionmark_48.png\" alt=\"\" width=\"35\" height=\"35\"> Wer macht den Podcoaster?<\/strong><\/p>\n<p>Sebastian Gr\u00fcnwald und Hans Pieper. Die beiden sind beruflich und privat im Attraktionsgesch\u00e4ft und in der Podcastproduktion verwurzelt und nat\u00fcrlich auch gro\u00dfe Freizeitpark-, Live Game-, Achterbahn- und Wasserrutschenfans.<\/p>\n<p><\/p>\n<p><strong><img loading=\"lazy\" decoding=\"async\" class=\"alignright\" style=\"margin: 2px; border: 0px none #000000;\" title=\"questionmark_48\" src=\"https:\/\/www.coaster.de\/cms\/wp-content\/uploads\/2010\/05\/questionmark_48.png\" alt=\"\" width=\"35\" height=\"35\"> Kostet coaster.de etwas?<\/strong><\/p>\n<p>Nat\u00fcrlich nicht. coaster.de ist ein unkommerzielles, kostenlos nutzbares Projekt. Jeder Zuh\u00f6rer ist willkommen!<\/p>\n<p><\/p>\n<p><strong><img loading=\"lazy\" decoding=\"async\" class=\"alignright\" style=\"margin: 2px; border: 0px none #000000;\" title=\"questionmark_48\" src=\"https:\/\/www.coaster.de\/cms\/wp-content\/uploads\/2010\/05\/questionmark_48.png\" alt=\"\" width=\"35\" height=\"35\"> Darf ich Inhalte aus dem Podcoaster in Ausschnitten verwenden?<\/strong><\/p>\n<p>Eine Verlinkung auf Episoden ist prinzipiell immer und in allen Medien gestattet. Hierbei d\u00fcrfen auch Vorschaubilder und der Teaser-Text auf unserer Seite verwendet werden. So lange eine Quellenangabe mit einem Direktlink auf die entsprechende Folge auf pod.coaster.de erfolgt, d\u00fcrfen Inhalte oder Zitate aus dem Podcoaster in Audio- und Textform ausschnittsweise verwendet werden. Dies gilt auch f\u00fcr die Erstellung von Pressespiegeln. Generell bitten wir darum, uns \u00fcber die Verwendung eines Ausschnittes mit einer kurzen Nachricht zu informieren. Vielen Dank! \ud83d\ude42<\/p>\n\n\n\n<p><\/p>\n","protected":false},"excerpt":{"rendered":"<p>Hier haben wir f\u00fcr Dich einige der wichtigsten Fragen rund um dieses Angebot zusammen getragen: Was ist pod.coaster.de? Der Podcoaster liefert Gespr\u00e4che, die tiefer gehen, als normale Interviews. Hier gibt es Infos aus dem Attraktionsgesch\u00e4ft und Blicke hinter die Kulissen, &hellip; <a href=\"https:\/\/www.pod.coaster.de\/cms\/wasistdas\/\">Weiterlesen <span class=\"meta-nav\">&rarr;<\/span><\/a><\/p>\n","protected":false},"author":1,"featured_media":0,"parent":0,"menu_order":1,"comment_status":"closed","ping_status":"closed","template":"sidebar-page.php","meta":{"footnotes":""},"class_list":["post-15752","page","type-page","status-publish","hentry"],"_links":{"self":[{"href":"https:\/\/www.pod.coaster.de\/cms\/wp-json\/wp\/v2\/pages\/15752","targetHints":{"allow":["GET"]}}],"collection":[{"href":"https:\/\/www.pod.coaster.de\/cms\/wp-json\/wp\/v2\/pages"}],"about":[{"href":"https:\/\/www.pod.coaster.de\/cms\/wp-json\/wp\/v2\/types\/page"}],"author":[{"embeddable":true,"href":"https:\/\/www.pod.coaster.de\/cms\/wp-json\/wp\/v2\/users\/1"}],"replies":[{"embeddable":true,"href":"https:\/\/www.pod.coaster.de\/cms\/wp-json\/wp\/v2\/comments?post=15752"}],"version-history":[{"count":2,"href":"https:\/\/www.pod.coaster.de\/cms\/wp-json\/wp\/v2\/pages\/15752\/revisions"}],"predecessor-version":[{"id":54889,"href":"https:\/\/www.pod.coaster.de\/cms\/wp-json\/wp\/v2\/pages\/15752\/revisions\/54889"}],"wp:attachment":[{"href":"https:\/\/www.pod.coaster.de\/cms\/wp-json\/wp\/v2\/media?parent=15752"}],"curies":[{"name":"wp","href":"https:\/\/api.w.org\/{rel}","templated":true}]}}